{"id":229,"date":"2026-03-19T15:40:25","date_gmt":"2026-03-19T15:40:25","guid":{"rendered":"https:\/\/kdentic.pl\/?page_id=229"},"modified":"2026-04-09T22:59:53","modified_gmt":"2026-04-09T22:59:53","slug":"oferta","status":"publish","type":"page","link":"https:\/\/kdentic.pl\/index.php\/oferta\/","title":{"rendered":"Oferta"},"content":{"rendered":"\t\t<div data-elementor-type=\"wp-page\" data-elementor-id=\"229\" class=\"elementor elementor-229\">\n\t\t\t\t<div class=\"elementor-element elementor-element-9c5ca2a e-flex e-con-boxed e-con e-parent\" data-id=\"9c5ca2a\" data-element_type=\"container\" data-e-type=\"container\" data-settings=\"{&quot;background_background&quot;:&quot;classic&quot;}\">\n\t\t\t\t\t<div class=\"e-con-inner\">\n\t\t<div class=\"elementor-element elementor-element-a2d3163 e-con-full e-flex e-con e-child\" data-id=\"a2d3163\" data-element_type=\"container\" data-e-type=\"container\">\n\t\t\t\t<div class=\"elementor-element elementor-element-da9d63a elementor-widget elementor-widget-heading\" data-id=\"da9d63a\" data-element_type=\"widget\" data-e-type=\"widget\" data-widget_type=\"heading.default\">\n\t\t\t\t\t<h2 class=\"elementor-heading-title elementor-size-default\">Oferta<\/h2>\t\t\t\t<\/div>\n\t\t\t\t<div class=\"elementor-element elementor-element-3a287fa e-transform elementor-widget elementor-widget-button\" data-id=\"3a287fa\" data-element_type=\"widget\" data-e-type=\"widget\" data-settings=\"{&quot;_transform_translateY_effect&quot;:{&quot;unit&quot;:&quot;px&quot;,&quot;size&quot;:30,&quot;sizes&quot;:[]},&quot;_transform_translateY_effect_mobile&quot;:{&quot;unit&quot;:&quot;px&quot;,&quot;size&quot;:5,&quot;sizes&quot;:[]},&quot;_transform_translateX_effect&quot;:{&quot;unit&quot;:&quot;px&quot;,&quot;size&quot;:&quot;&quot;,&quot;sizes&quot;:[]},&quot;_transform_translateX_effect_tablet&quot;:{&quot;unit&quot;:&quot;px&quot;,&quot;size&quot;:&quot;&quot;,&quot;sizes&quot;:[]},&quot;_transform_translateX_effect_mobile&quot;:{&quot;unit&quot;:&quot;px&quot;,&quot;size&quot;:&quot;&quot;,&quot;sizes&quot;:[]},&quot;_transform_translateY_effect_tablet&quot;:{&quot;unit&quot;:&quot;px&quot;,&quot;size&quot;:&quot;&quot;,&quot;sizes&quot;:[]}}\" data-widget_type=\"button.default\">\n\t\t\t\t\t\t\t\t\t\t<a class=\"elementor-button elementor-button-link elementor-size-sm elementor-animation-pop\" href=\"https:\/\/kdentic.pl\/index.php\/wspolpraca\/\">\n\t\t\t\t\t\t<span class=\"elementor-button-content-wrapper\">\n\t\t\t\t\t\t\t\t\t<span class=\"elementor-button-text\">Zapraszamy Do Wsp\u00f3\u0142pracy<\/span>\n\t\t\t\t\t<\/span>\n\t\t\t\t\t<\/a>\n\t\t\t\t\t\t\t\t<\/div>\n\t\t\t\t<\/div>\n\t\t\t\t\t<\/div>\n\t\t\t\t<\/div>\n\t\t<div class=\"elementor-element elementor-element-6b79f36 e-flex e-con-boxed e-con e-parent\" data-id=\"6b79f36\" data-element_type=\"container\" data-e-type=\"container\" data-settings=\"{&quot;shape_divider_bottom&quot;:&quot;opacity-fan&quot;}\">\n\t\t\t\t\t<div class=\"e-con-inner\">\n\t\t\t\t<div class=\"elementor-shape elementor-shape-bottom\" aria-hidden=\"true\" data-negative=\"false\">\n\t\t\t<svg xmlns=\"http:\/\/www.w3.org\/2000\/svg\" viewBox=\"0 0 283.5 19.6\" preserveAspectRatio=\"none\">\n\t<path class=\"elementor-shape-fill\" style=\"opacity:0.33\" d=\"M0 0L0 18.8 141.8 4.1 283.5 18.8 283.5 0z\"\/>\n\t<path class=\"elementor-shape-fill\" style=\"opacity:0.33\" d=\"M0 0L0 12.6 141.8 4 283.5 12.6 283.5 0z\"\/>\n\t<path class=\"elementor-shape-fill\" style=\"opacity:0.33\" d=\"M0 0L0 6.4 141.8 4 283.5 6.4 283.5 0z\"\/>\n\t<path class=\"elementor-shape-fill\" d=\"M0 0L0 1.2 141.8 4 283.5 1.2 283.5 0z\"\/>\n<\/svg>\t\t<\/div>\n\t\t\t\t<div class=\"elementor-element elementor-element-3c99c82 elementor-widget elementor-widget-heading\" data-id=\"3c99c82\" data-element_type=\"widget\" data-e-type=\"widget\" data-widget_type=\"heading.default\">\n\t\t\t\t\t<h2 class=\"elementor-heading-title elementor-size-default\">Przyk\u0142adowe Prace\n<\/h2>\t\t\t\t<\/div>\n\t\t\t\t\t<\/div>\n\t\t\t\t<\/div>\n\t\t<div class=\"elementor-element elementor-element-e6db39f e-flex e-con-boxed e-con e-parent\" data-id=\"e6db39f\" data-element_type=\"container\" data-e-type=\"container\" data-settings=\"{&quot;background_background&quot;:&quot;classic&quot;}\">\n\t\t\t\t\t<div class=\"e-con-inner\">\n\t\t<div class=\"elementor-element elementor-element-5e0bf5a e-con-full e-flex e-con e-child\" data-id=\"5e0bf5a\" data-element_type=\"container\" data-e-type=\"container\">\n\t\t\t\t<div class=\"elementor-element elementor-element-cf34b06 elementor-widget elementor-widget-image\" data-id=\"cf34b06\" data-element_type=\"widget\" data-e-type=\"widget\" data-widget_type=\"image.default\">\n\t\t\t\t\t\t\t\t\t\t\t\t\t\t\t<img fetchpriority=\"high\" decoding=\"async\" width=\"768\" height=\"765\" src=\"https:\/\/kdentic.pl\/wp-content\/uploads\/2026\/03\/foto11-768x765.png\" class=\"attachment-medium_large size-medium_large wp-image-251\" alt=\"\" srcset=\"https:\/\/kdentic.pl\/wp-content\/uploads\/2026\/03\/foto11-768x765.png 768w, https:\/\/kdentic.pl\/wp-content\/uploads\/2026\/03\/foto11-300x300.png 300w, https:\/\/kdentic.pl\/wp-content\/uploads\/2026\/03\/foto11-150x150.png 150w, https:\/\/kdentic.pl\/wp-content\/uploads\/2026\/03\/foto11-e1773941835702.png 803w\" sizes=\"(max-width: 768px) 100vw, 768px\" \/>\t\t\t\t\t\t\t\t\t\t\t\t\t\t\t<\/div>\n\t\t\t\t<div class=\"elementor-element elementor-element-d08292e elementor-widget elementor-widget-image\" data-id=\"d08292e\" data-element_type=\"widget\" data-e-type=\"widget\" data-widget_type=\"image.default\">\n\t\t\t\t\t\t\t\t\t\t\t\t\t\t\t<img decoding=\"async\" width=\"768\" height=\"768\" src=\"https:\/\/kdentic.pl\/wp-content\/uploads\/2026\/03\/foto7-768x768.png\" class=\"attachment-medium_large size-medium_large wp-image-249\" alt=\"\" srcset=\"https:\/\/kdentic.pl\/wp-content\/uploads\/2026\/03\/foto7-768x768.png 768w, https:\/\/kdentic.pl\/wp-content\/uploads\/2026\/03\/foto7-300x300.png 300w, https:\/\/kdentic.pl\/wp-content\/uploads\/2026\/03\/foto7-150x150.png 150w, https:\/\/kdentic.pl\/wp-content\/uploads\/2026\/03\/foto7.png 800w\" sizes=\"(max-width: 768px) 100vw, 768px\" \/>\t\t\t\t\t\t\t\t\t\t\t\t\t\t\t<\/div>\n\t\t\t\t<div class=\"elementor-element elementor-element-2c0dfd9 elementor-widget elementor-widget-image\" data-id=\"2c0dfd9\" data-element_type=\"widget\" data-e-type=\"widget\" data-widget_type=\"image.default\">\n\t\t\t\t\t\t\t\t\t\t\t\t\t\t\t<img decoding=\"async\" width=\"768\" height=\"768\" src=\"https:\/\/kdentic.pl\/wp-content\/uploads\/2026\/03\/foto2-1-768x768.png\" class=\"attachment-medium_large size-medium_large wp-image-120\" alt=\"\" srcset=\"https:\/\/kdentic.pl\/wp-content\/uploads\/2026\/03\/foto2-1-768x768.png 768w, https:\/\/kdentic.pl\/wp-content\/uploads\/2026\/03\/foto2-1-300x300.png 300w, https:\/\/kdentic.pl\/wp-content\/uploads\/2026\/03\/foto2-1-150x150.png 150w, https:\/\/kdentic.pl\/wp-content\/uploads\/2026\/03\/foto2-1.png 800w\" sizes=\"(max-width: 768px) 100vw, 768px\" \/>\t\t\t\t\t\t\t\t\t\t\t\t\t\t\t<\/div>\n\t\t\t\t<div class=\"elementor-element elementor-element-4ea1983 elementor-widget elementor-widget-image\" data-id=\"4ea1983\" data-element_type=\"widget\" data-e-type=\"widget\" data-widget_type=\"image.default\">\n\t\t\t\t\t\t\t\t\t\t\t\t\t\t\t<img loading=\"lazy\" decoding=\"async\" width=\"768\" height=\"768\" src=\"https:\/\/kdentic.pl\/wp-content\/uploads\/2026\/03\/foto3-768x768.png\" class=\"attachment-medium_large size-medium_large wp-image-73\" alt=\"\" srcset=\"https:\/\/kdentic.pl\/wp-content\/uploads\/2026\/03\/foto3-768x768.png 768w, https:\/\/kdentic.pl\/wp-content\/uploads\/2026\/03\/foto3-300x300.png 300w, https:\/\/kdentic.pl\/wp-content\/uploads\/2026\/03\/foto3-150x150.png 150w, https:\/\/kdentic.pl\/wp-content\/uploads\/2026\/03\/foto3.png 800w\" sizes=\"(max-width: 768px) 100vw, 768px\" \/>\t\t\t\t\t\t\t\t\t\t\t\t\t\t\t<\/div>\n\t\t\t\t<\/div>\n\t\t<div class=\"elementor-element elementor-element-84d7ede e-con-full e-flex e-con e-child\" data-id=\"84d7ede\" data-element_type=\"container\" data-e-type=\"container\">\n\t\t\t\t<div class=\"elementor-element elementor-element-f15019d elementor-widget elementor-widget-image\" data-id=\"f15019d\" data-element_type=\"widget\" data-e-type=\"widget\" data-widget_type=\"image.default\">\n\t\t\t\t\t\t\t\t\t\t\t\t\t\t\t<img loading=\"lazy\" decoding=\"async\" width=\"768\" height=\"768\" src=\"https:\/\/kdentic.pl\/wp-content\/uploads\/2026\/03\/foto12-768x768.png\" class=\"attachment-medium_large size-medium_large wp-image-252\" alt=\"\" srcset=\"https:\/\/kdentic.pl\/wp-content\/uploads\/2026\/03\/foto12-768x768.png 768w, https:\/\/kdentic.pl\/wp-content\/uploads\/2026\/03\/foto12-300x300.png 300w, https:\/\/kdentic.pl\/wp-content\/uploads\/2026\/03\/foto12-150x150.png 150w, https:\/\/kdentic.pl\/wp-content\/uploads\/2026\/03\/foto12.png 800w\" sizes=\"(max-width: 768px) 100vw, 768px\" \/>\t\t\t\t\t\t\t\t\t\t\t\t\t\t\t<\/div>\n\t\t\t\t<div class=\"elementor-element elementor-element-8b777d0 elementor-widget elementor-widget-image\" data-id=\"8b777d0\" data-element_type=\"widget\" data-e-type=\"widget\" data-widget_type=\"image.default\">\n\t\t\t\t\t\t\t\t\t\t\t\t\t\t\t<img loading=\"lazy\" decoding=\"async\" width=\"768\" height=\"768\" src=\"https:\/\/kdentic.pl\/wp-content\/uploads\/2026\/03\/foto5-768x768.png\" class=\"attachment-medium_large size-medium_large wp-image-248\" alt=\"\" srcset=\"https:\/\/kdentic.pl\/wp-content\/uploads\/2026\/03\/foto5-768x768.png 768w, https:\/\/kdentic.pl\/wp-content\/uploads\/2026\/03\/foto5-300x300.png 300w, https:\/\/kdentic.pl\/wp-content\/uploads\/2026\/03\/foto5-150x150.png 150w, https:\/\/kdentic.pl\/wp-content\/uploads\/2026\/03\/foto5.png 800w\" sizes=\"(max-width: 768px) 100vw, 768px\" \/>\t\t\t\t\t\t\t\t\t\t\t\t\t\t\t<\/div>\n\t\t\t\t<div class=\"elementor-element elementor-element-1d67bda elementor-widget elementor-widget-image\" data-id=\"1d67bda\" data-element_type=\"widget\" data-e-type=\"widget\" data-widget_type=\"image.default\">\n\t\t\t\t\t\t\t\t\t\t\t\t\t\t\t<img loading=\"lazy\" decoding=\"async\" width=\"768\" height=\"768\" src=\"https:\/\/kdentic.pl\/wp-content\/uploads\/2026\/03\/foto9-768x768.png\" class=\"attachment-medium_large size-medium_large wp-image-71\" alt=\"\" srcset=\"https:\/\/kdentic.pl\/wp-content\/uploads\/2026\/03\/foto9-768x768.png 768w, https:\/\/kdentic.pl\/wp-content\/uploads\/2026\/03\/foto9-300x300.png 300w, https:\/\/kdentic.pl\/wp-content\/uploads\/2026\/03\/foto9-150x150.png 150w, https:\/\/kdentic.pl\/wp-content\/uploads\/2026\/03\/foto9.png 800w\" sizes=\"(max-width: 768px) 100vw, 768px\" \/>\t\t\t\t\t\t\t\t\t\t\t\t\t\t\t<\/div>\n\t\t\t\t<div class=\"elementor-element elementor-element-31012d3 elementor-widget elementor-widget-image\" data-id=\"31012d3\" data-element_type=\"widget\" data-e-type=\"widget\" data-widget_type=\"image.default\">\n\t\t\t\t\t\t\t\t\t\t\t\t\t\t\t<img loading=\"lazy\" decoding=\"async\" width=\"768\" height=\"768\" src=\"https:\/\/kdentic.pl\/wp-content\/uploads\/2026\/03\/foto1-e1773941896475-768x768.png\" class=\"attachment-medium_large size-medium_large wp-image-253\" alt=\"\" srcset=\"https:\/\/kdentic.pl\/wp-content\/uploads\/2026\/03\/foto1-e1773941896475-768x768.png 768w, https:\/\/kdentic.pl\/wp-content\/uploads\/2026\/03\/foto1-e1773941896475-300x300.png 300w, https:\/\/kdentic.pl\/wp-content\/uploads\/2026\/03\/foto1-e1773941896475-150x150.png 150w, https:\/\/kdentic.pl\/wp-content\/uploads\/2026\/03\/foto1-e1773941896475.png 800w\" sizes=\"(max-width: 768px) 100vw, 768px\" \/>\t\t\t\t\t\t\t\t\t\t\t\t\t\t\t<\/div>\n\t\t\t\t<\/div>\n\t\t\t\t\t<\/div>\n\t\t\t\t<\/div>\n\t\t\t\t<\/div>\n\t\t","protected":false},"excerpt":{"rendered":"<p>Oferta Zapraszamy Do Wsp\u00f3\u0142pracy Przyk\u0142adowe Prace<\/p>\n","protected":false},"author":1,"featured_media":0,"parent":0,"menu_order":0,"comment_status":"closed","ping_status":"closed","template":"","meta":{"site-sidebar-layout":"no-sidebar","site-content-layout":"","ast-site-content-layout":"full-width-container","site-content-style":"default","site-sidebar-style":"default","ast-global-header-display":"","ast-banner-title-visibility":"","ast-main-header-display":"","ast-hfb-above-header-display":"","ast-hfb-below-header-display":"","ast-hfb-mobile-header-display":"","site-post-title":"disabled","ast-breadcrumbs-content":"","ast-featured-img":"disabled","footer-sml-layout":"","ast-disable-related-posts":"","theme-transparent-header-meta":"","adv-header-id-meta":"","stick-header-meta":"","header-above-stick-meta":"","header-main-stick-meta":"","header-below-stick-meta":"","astra-migrate-meta-layouts":"default","ast-page-background-enabled":"default","ast-page-background-meta":{"desktop":{"background-color":"var(--ast-global-color-5)","background-image":"","background-repeat":"repeat","background-position":"center center","background-size":"auto","background-attachment":"scroll","background-type":"","background-media":"","overlay-type":"","overlay-color":"","overlay-opacity":"","overlay-gradient":""},"tablet":{"background-color":"","background-image":"","background-repeat":"repeat","background-position":"center center","background-size":"auto","background-attachment":"scroll","background-type":"","background-media":"","overlay-type":"","overlay-color":"","overlay-opacity":"","overlay-gradient":""},"mobile":{"background-color":"","background-image":"","background-repeat":"repeat","background-position":"center center","background-size":"auto","background-attachment":"scroll","background-type":"","background-media":"","overlay-type":"","overlay-color":"","overlay-opacity":"","overlay-gradient":""}},"ast-content-background-meta":{"desktop":{"background-color":"var(--ast-global-color-4)","background-image":"","background-repeat":"repeat","background-position":"center center","background-size":"auto","background-attachment":"scroll","background-type":"","background-media":"","overlay-type":"","overlay-color":"","overlay-opacity":"","overlay-gradient":""},"tablet":{"background-color":"var(--ast-global-color-4)","background-image":"","background-repeat":"repeat","background-position":"center center","background-size":"auto","background-attachment":"scroll","background-type":"","background-media":"","overlay-type":"","overlay-color":"","overlay-opacity":"","overlay-gradient":""},"mobile":{"background-color":"var(--ast-global-color-4)","background-image":"","background-repeat":"repeat","background-position":"center center","background-size":"auto","background-attachment":"scroll","background-type":"","background-media":"","overlay-type":"","overlay-color":"","overlay-opacity":"","overlay-gradient":""}},"footnotes":""},"class_list":["post-229","page","type-page","status-publish","hentry"],"_links":{"self":[{"href":"https:\/\/kdentic.pl\/index.php\/wp-json\/wp\/v2\/pages\/229","targetHints":{"allow":["GET"]}}],"collection":[{"href":"https:\/\/kdentic.pl\/index.php\/wp-json\/wp\/v2\/pages"}],"about":[{"href":"https:\/\/kdentic.pl\/index.php\/wp-json\/wp\/v2\/types\/page"}],"author":[{"embeddable":true,"href":"https:\/\/kdentic.pl\/index.php\/wp-json\/wp\/v2\/users\/1"}],"replies":[{"embeddable":true,"href":"https:\/\/kdentic.pl\/index.php\/wp-json\/wp\/v2\/comments?post=229"}],"version-history":[{"count":56,"href":"https:\/\/kdentic.pl\/index.php\/wp-json\/wp\/v2\/pages\/229\/revisions"}],"predecessor-version":[{"id":384,"href":"https:\/\/kdentic.pl\/index.php\/wp-json\/wp\/v2\/pages\/229\/revisions\/384"}],"wp:attachment":[{"href":"https:\/\/kdentic.pl\/index.php\/wp-json\/wp\/v2\/media?parent=229"}],"curies":[{"name":"wp","href":"https:\/\/api.w.org\/{rel}","templated":true}]}}